{"id":673,"date":"2018-07-18T14:07:01","date_gmt":"2018-07-18T14:07:01","guid":{"rendered":"https:\/\/www.orokieta.eus\/orokieta\/"},"modified":"2018-08-13T11:01:14","modified_gmt":"2018-08-13T11:01:14","slug":"orokieta","status":"publish","type":"page","link":"https:\/\/www.orokieta.eus\/es\/orokieta\/","title":{"rendered":"Orokieta"},"content":{"rendered":"","protected":false},"excerpt":{"rendered":"","protected":false},"author":2,"featured_media":0,"parent":0,"menu_order":0,"comment_status":"closed","ping_status":"closed","template":"","meta":{"footnotes":""},"class_list":["post-673","page","type-page","status-publish","hentry"],"yoast_head":"<!-- This site is optimized with the Yoast SEO plugin v20.4 - https:\/\/yoast.com\/wordpress\/plugins\/seo\/ -->\n<title>Orokieta Herri Eskola<\/title>\n<meta name=\"description\" content=\"En la p\u00e1gina Orokieta encontrar\u00e1s la historia del colegio, las instalaciones, la comunidad, la asociaci\u00f3n de familias y fotos y v\u00eddeos de cada curso.\" \/>\n<meta name=\"robots\" content=\"index, follow, max-snippet:-1, max-image-preview:large, max-video-preview:-1\" \/>\n<link rel=\"canonical\" href=\"https:\/\/www.orokieta.eus\/es\/orokieta\/\" \/>\n<meta property=\"og:locale\" content=\"es_ES\" \/>\n<meta property=\"og:type\" content=\"article\" \/>\n<meta property=\"og:title\" content=\"Orokieta Herri Eskola\" \/>\n<meta property=\"og:description\" content=\"En la p\u00e1gina Orokieta encontrar\u00e1s la historia del colegio, las instalaciones, la comunidad, la asociaci\u00f3n de familias y fotos y v\u00eddeos de cada curso.\" \/>\n<meta property=\"og:url\" content=\"https:\/\/www.orokieta.eus\/es\/orokieta\/\" \/>\n<meta property=\"og:site_name\" content=\"Orokieta\" \/>\n<meta property=\"article:modified_time\" content=\"2018-08-13T11:01:14+00:00\" \/>\n<meta name=\"twitter:card\" content=\"summary_large_image\" \/>\n<script type=\"application\/ld+json\" class=\"yoast-schema-graph\">{\"@context\":\"https:\/\/schema.org\",\"@graph\":[{\"@type\":\"WebPage\",\"@id\":\"https:\/\/www.orokieta.eus\/es\/orokieta\/\",\"url\":\"https:\/\/www.orokieta.eus\/es\/orokieta\/\",\"name\":\"Orokieta Herri Eskola\",\"isPartOf\":{\"@id\":\"https:\/\/www.orokieta.eus\/#website\"},\"datePublished\":\"2018-07-18T14:07:01+00:00\",\"dateModified\":\"2018-08-13T11:01:14+00:00\",\"description\":\"En la p\u00e1gina Orokieta encontrar\u00e1s la historia del colegio, las instalaciones, la comunidad, la asociaci\u00f3n de familias y fotos y v\u00eddeos de cada curso.\",\"breadcrumb\":{\"@id\":\"https:\/\/www.orokieta.eus\/es\/orokieta\/#breadcrumb\"},\"inLanguage\":\"es\",\"potentialAction\":[{\"@type\":\"ReadAction\",\"target\":[\"https:\/\/www.orokieta.eus\/es\/orokieta\/\"]}]},{\"@type\":\"BreadcrumbList\",\"@id\":\"https:\/\/www.orokieta.eus\/es\/orokieta\/#breadcrumb\",\"itemListElement\":[{\"@type\":\"ListItem\",\"position\":1,\"name\":\"Portada\",\"item\":\"https:\/\/www.orokieta.eus\/es\/\"},{\"@type\":\"ListItem\",\"position\":2,\"name\":\"Orokieta\"}]},{\"@type\":\"WebSite\",\"@id\":\"https:\/\/www.orokieta.eus\/#website\",\"url\":\"https:\/\/www.orokieta.eus\/\",\"name\":\"Orokieta\",\"description\":\"\",\"potentialAction\":[{\"@type\":\"SearchAction\",\"target\":{\"@type\":\"EntryPoint\",\"urlTemplate\":\"https:\/\/www.orokieta.eus\/?s={search_term_string}\"},\"query-input\":\"required name=search_term_string\"}],\"inLanguage\":\"es\"}]}<\/script>\n<!-- \/ Yoast SEO plugin. -->","yoast_head_json":{"title":"Orokieta Herri Eskola","description":"En la p\u00e1gina Orokieta encontrar\u00e1s la historia del colegio, las instalaciones, la comunidad, la asociaci\u00f3n de familias y fotos y v\u00eddeos de cada curso.","robots":{"index":"index","follow":"follow","max-snippet":"max-snippet:-1","max-image-preview":"max-image-preview:large","max-video-preview":"max-video-preview:-1"},"canonical":"https:\/\/www.orokieta.eus\/es\/orokieta\/","og_locale":"es_ES","og_type":"article","og_title":"Orokieta Herri Eskola","og_description":"En la p\u00e1gina Orokieta encontrar\u00e1s la historia del colegio, las instalaciones, la comunidad, la asociaci\u00f3n de familias y fotos y v\u00eddeos de cada curso.","og_url":"https:\/\/www.orokieta.eus\/es\/orokieta\/","og_site_name":"Orokieta","article_modified_time":"2018-08-13T11:01:14+00:00","twitter_card":"summary_large_image","schema":{"@context":"https:\/\/schema.org","@graph":[{"@type":"WebPage","@id":"https:\/\/www.orokieta.eus\/es\/orokieta\/","url":"https:\/\/www.orokieta.eus\/es\/orokieta\/","name":"Orokieta Herri Eskola","isPartOf":{"@id":"https:\/\/www.orokieta.eus\/#website"},"datePublished":"2018-07-18T14:07:01+00:00","dateModified":"2018-08-13T11:01:14+00:00","description":"En la p\u00e1gina Orokieta encontrar\u00e1s la historia del colegio, las instalaciones, la comunidad, la asociaci\u00f3n de familias y fotos y v\u00eddeos de cada curso.","breadcrumb":{"@id":"https:\/\/www.orokieta.eus\/es\/orokieta\/#breadcrumb"},"inLanguage":"es","potentialAction":[{"@type":"ReadAction","target":["https:\/\/www.orokieta.eus\/es\/orokieta\/"]}]},{"@type":"BreadcrumbList","@id":"https:\/\/www.orokieta.eus\/es\/orokieta\/#breadcrumb","itemListElement":[{"@type":"ListItem","position":1,"name":"Portada","item":"https:\/\/www.orokieta.eus\/es\/"},{"@type":"ListItem","position":2,"name":"Orokieta"}]},{"@type":"WebSite","@id":"https:\/\/www.orokieta.eus\/#website","url":"https:\/\/www.orokieta.eus\/","name":"Orokieta","description":"","potentialAction":[{"@type":"SearchAction","target":{"@type":"EntryPoint","urlTemplate":"https:\/\/www.orokieta.eus\/?s={search_term_string}"},"query-input":"required name=search_term_string"}],"inLanguage":"es"}]}},"_links":{"self":[{"href":"https:\/\/www.orokieta.eus\/es\/wp-json\/wp\/v2\/pages\/673","targetHints":{"allow":["GET"]}}],"collection":[{"href":"https:\/\/www.orokieta.eus\/es\/wp-json\/wp\/v2\/pages"}],"about":[{"href":"https:\/\/www.orokieta.eus\/es\/wp-json\/wp\/v2\/types\/page"}],"author":[{"embeddable":true,"href":"https:\/\/www.orokieta.eus\/es\/wp-json\/wp\/v2\/users\/2"}],"replies":[{"embeddable":true,"href":"https:\/\/www.orokieta.eus\/es\/wp-json\/wp\/v2\/comments?post=673"}],"version-history":[{"count":0,"href":"https:\/\/www.orokieta.eus\/es\/wp-json\/wp\/v2\/pages\/673\/revisions"}],"wp:attachment":[{"href":"https:\/\/www.orokieta.eus\/es\/wp-json\/wp\/v2\/media?parent=673"}],"curies":[{"name":"wp","href":"https:\/\/api.w.org\/{rel}","templated":true}]}}